{"id":1291,"date":"2026-03-01T12:44:15","date_gmt":"2026-03-01T12:44:15","guid":{"rendered":"https:\/\/romsand.md\/?post_type=product&#038;p=1291"},"modified":"2026-03-22T20:43:52","modified_gmt":"2026-03-22T20:43:52","slug":"pavaj","status":"publish","type":"product","link":"https:\/\/romsand.md\/ru\/product\/pavaj\/","title":{"rendered":"\u041a\u0438\u0440\u043f\u0438\u0447\u043d\u0430\u044f \u043f\u043b\u0438\u0442\u043a\u0430"},"content":{"rendered":"<p>Pavaj vibropresat tip c\u0103r\u0103mid\u0103, disponibil \u00een dimensiuni 4x10x20 cm, 4,3x10x20 cm \u0219i 6x10x20 cm. Ideal pentru cur\u021bi, alei \u0219i trotuare. Disponibil \u00een culori antracit, galben, cafeniu, ro\u0219u, gri \u0219i gri deschis, oferind un aspect modern \u0219i rezistent.<\/p>\n<p><strong>Materialele necesare pentru instalarea (montarea):<\/strong><\/p>\n<ul>\n<li>Pietri\u015f frac\u0163ia 10-20 mm, pietri\u015f frac\u0163ia 20-40mm<\/li>\n<li>Nisip din concasarea pietri\u015fului frac\u0163ia 2-4 mm<\/li>\n<li>Nisip frac\u0163ia 0-4mm<\/li>\n<li>\u041c\u0435\u043b\u0443\u0437\u0430<\/li>\n<li>Nisip alb (Cuar\u0163) pentru rosturi<\/li>\n<li>Ciment M500, M550 \u0219i\u00a0Ciment alb<\/li>\n<\/ul>\n\n    <div class=\"xs_social_share_widget xs_share_url after_content \t\tmain_content  wslu-style-1 wslu-share-box-shaped wslu-fill-colored wslu-none wslu-share-horizontal wslu-theme-font-no wslu-main_content\">\n\n\t\t\n        <ul>\n\t\t\t        <\/ul>\n    <\/div>","protected":false},"excerpt":{"rendered":"<p>Dimensiuni &#8211; 4 x 10 x 20 cm<br \/>\nUn. de mas. &#8211; buc.<br \/>\nGreutate &#8211; 83 Kg<\/p>","protected":false},"featured_media":2057,"template":"","meta":{"postBodyCss":"","postBodyMargin":[],"postBodyPadding":[],"postBodyBackground":{"backgroundType":"classic","gradient":""}},"product_brand":[],"product_cat":[51],"product_tag":[52],"class_list":{"0":"post-1291","1":"product","2":"type-product","3":"status-publish","4":"has-post-thumbnail","6":"product_cat-pavaj","7":"product_tag-pavaj","9":"first","10":"instock","11":"shipping-taxable","12":"purchasable","13":"product-type-variable"},"_links":{"self":[{"href":"https:\/\/romsand.md\/ru\/wp-json\/wp\/v2\/product\/1291","targetHints":{"allow":["GET"]}}],"collection":[{"href":"https:\/\/romsand.md\/ru\/wp-json\/wp\/v2\/product"}],"about":[{"href":"https:\/\/romsand.md\/ru\/wp-json\/wp\/v2\/types\/product"}],"wp:featuredmedia":[{"embeddable":true,"href":"https:\/\/romsand.md\/ru\/wp-json\/wp\/v2\/media\/2057"}],"wp:attachment":[{"href":"https:\/\/romsand.md\/ru\/wp-json\/wp\/v2\/media?parent=1291"}],"wp:term":[{"taxonomy":"product_brand","embeddable":true,"href":"https:\/\/romsand.md\/ru\/wp-json\/wp\/v2\/product_brand?post=1291"},{"taxonomy":"product_cat","embeddable":true,"href":"https:\/\/romsand.md\/ru\/wp-json\/wp\/v2\/product_cat?post=1291"},{"taxonomy":"product_tag","embeddable":true,"href":"https:\/\/romsand.md\/ru\/wp-json\/wp\/v2\/product_tag?post=1291"}],"curies":[{"name":"wp","href":"https:\/\/api.w.org\/{rel}","templated":true}]}}