{"id":2077,"date":"2026-03-13T12:16:54","date_gmt":"2026-03-13T12:16:54","guid":{"rendered":"https:\/\/romsand.md\/?post_type=product&#038;p=2077"},"modified":"2026-03-22T20:43:40","modified_gmt":"2026-03-22T20:43:40","slug":"pavaj-orasul-vechi","status":"publish","type":"product","link":"https:\/\/romsand.md\/ru\/product\/pavaj-orasul-vechi\/","title":{"rendered":"\u041f\u043b\u0438\u0442\u043a\u0430 c\u0442\u0430\u0440\u044b\u0439 \u0433\u043e\u0440\u043e\u0434"},"content":{"rendered":"<p>Pavaj vibropresat model Ora\u0219ul Vechi cu dimensiunea 4,3x10x20 cm, ideal pentru amenajarea cur\u021bilor, aleilor \u0219i trotuarelor. Disponibil \u00een culori antracit, cafeniu, galben, gri, ro\u0219u \u0219i gri deschis, oferind un aspect clasic \u0219i elegant.<\/p>\n<p><strong>Materialele necesare pentru instalarea (montarea):<\/strong><\/p>\n<ul>\n<li>Pietri\u015f frac\u0163ia 10-20 mm, pietri\u015f frac\u0163ia 20-40mm<\/li>\n<li>Nisip din concasarea pietri\u015fului frac\u0163ia 2-4 mm<\/li>\n<li>Nisip frac\u0163ia 0-4mm<\/li>\n<li>\u041c\u0435\u043b\u0443\u0437\u0430<\/li>\n<li>Nisip alb (Cuar\u0163) pentru rosturi<\/li>\n<li>Ciment M500, M550 \u0219i\u00a0Ciment alb<\/li>\n<\/ul>\n\n    <div class=\"xs_social_share_widget xs_share_url after_content \t\tmain_content  wslu-style-1 wslu-share-box-shaped wslu-fill-colored wslu-none wslu-share-horizontal wslu-theme-font-no wslu-main_content\">\n\n\t\t\n        <ul>\n\t\t\t        <\/ul>\n    <\/div>","protected":false},"excerpt":{"rendered":"<p>Dimensiuni &#8211; 4,3 x 10 x 20 cm<br \/>\nUn. de mas. &#8211; buc.<br \/>\nGreutate &#8211; 94 Kg<\/p>","protected":false},"featured_media":2071,"template":"","meta":{"postBodyCss":"","postBodyMargin":[],"postBodyPadding":[],"postBodyBackground":{"backgroundType":"classic","gradient":""}},"product_brand":[],"product_cat":[51],"product_tag":[58,52,57],"class_list":{"0":"post-2077","1":"product","2":"type-product","3":"status-publish","4":"has-post-thumbnail","6":"product_cat-pavaj","7":"product_tag-orasul-vechi","8":"product_tag-pavaj","9":"product_tag-pavaj-orasul-vechi","11":"first","12":"instock","13":"shipping-taxable","14":"purchasable","15":"product-type-variable"},"_links":{"self":[{"href":"https:\/\/romsand.md\/ru\/wp-json\/wp\/v2\/product\/2077","targetHints":{"allow":["GET"]}}],"collection":[{"href":"https:\/\/romsand.md\/ru\/wp-json\/wp\/v2\/product"}],"about":[{"href":"https:\/\/romsand.md\/ru\/wp-json\/wp\/v2\/types\/product"}],"wp:featuredmedia":[{"embeddable":true,"href":"https:\/\/romsand.md\/ru\/wp-json\/wp\/v2\/media\/2071"}],"wp:attachment":[{"href":"https:\/\/romsand.md\/ru\/wp-json\/wp\/v2\/media?parent=2077"}],"wp:term":[{"taxonomy":"product_brand","embeddable":true,"href":"https:\/\/romsand.md\/ru\/wp-json\/wp\/v2\/product_brand?post=2077"},{"taxonomy":"product_cat","embeddable":true,"href":"https:\/\/romsand.md\/ru\/wp-json\/wp\/v2\/product_cat?post=2077"},{"taxonomy":"product_tag","embeddable":true,"href":"https:\/\/romsand.md\/ru\/wp-json\/wp\/v2\/product_tag?post=2077"}],"curies":[{"name":"wp","href":"https:\/\/api.w.org\/{rel}","templated":true}]}}